{"id":3410,"date":"2023-12-31T11:23:18","date_gmt":"2023-12-31T08:23:18","guid":{"rendered":"https:\/\/calimila.com\/urun\/petra-boase-yama-kiraz\/"},"modified":"2023-12-31T11:23:19","modified_gmt":"2023-12-31T08:23:19","slug":"petra-boase-yama-kiraz","status":"publish","type":"product","link":"https:\/\/calimila.com\/petra-boase-yama-kiraz\/","title":{"rendered":"Petra Boase Yama &#8211; Kiraz"},"content":{"rendered":"<p><span style=\"color:#800080\">Petra Boase Iron on Patches &#8211; \u00dct\u00fc ile yap\u0131\u015fan yamalar &#8211; Kiraz<\/span><\/p>\n<p><strong>\u00dcr\u00fcn A\u00e7\u0131klamas\u0131:<\/strong><\/p>\n<p>\u0130ngiltere&#8217;den ithal bu harika yamalar ile kendiniz ya da minikleriniz i\u00e7in\u00a0t-shirt&#8217;\u00fcn\u00fcz\u00fc, ceketinizi, ya da \u00e7antan\u0131z\u0131 tasarlayabilir ve kendinize \u00f6zel harika bir tasar\u0131m yaratabilirsiniz !<\/p>\n<p><u><strong>Kullan\u0131m\u0131:\u00a0<\/strong><\/u><\/p>\n<p>Yama&#8217;y\u0131 paketinden \u00e7\u0131kararak uygulamak istedi\u011finiz yere yerle\u015ftirin.<\/p>\n<p>\u00dczerine ince pamuk bir kuma\u015f serin.<\/p>\n<p>Sadece 30 saniye \u00fct\u00fc ile \u00fczerinden ge\u00e7in.<\/p>\n<p>Ayn\u0131 i\u015flemi arka y\u00fczeye de uygulay\u0131n.<\/p>\n<p>1 dakikada haz\u0131r !<\/p>\n<p><u><strong>Uyar\u0131lar:\u00a0<\/strong><\/u><\/p>\n<p>Sadece \u00fct\u00fclenebilir kuma\u015fa uygulanabilirdir.\u00a0<\/p>\n<p>\u00dct\u00fcn\u00fcn \u0131s\u0131s\u0131n\u0131 kullanaca\u011f\u0131n\u0131z kuma\u015f\u0131n \u00f6zelli\u011fine g\u00f6re ayarlamay\u0131 unutmay\u0131n !<\/p>\n<p>Uygulama esnas\u0131nda buhar kullanmay\u0131n !<\/p>\n<p>\u0130\u015flem sonras\u0131nda \u00fct\u00fcn\u00fcz\u00fc kapatmay\u0131 unutmay\u0131n !<\/p>\n<p><u><strong>Bak\u0131m:\u00a0<\/strong><\/u><\/p>\n<p>30 derecede y\u0131kanabilir.\u00a0<\/p>\n<p>Kurutma makinesine koymay\u0131n\u0131z.\u00a0<\/p>\n<p>3 ya\u015f alt\u0131 \u00e7ocuklar i\u00e7in uygun de\u011fildir.\u00a0<\/p>\n<p>Y\u00fckseklik: 70 mm\u00a0<\/p>\n<p>Geni\u015flik: 45 mm\u00a0<\/p>\n","protected":false},"excerpt":{"rendered":"<p>Petra Boase Yama &#8211; Kiraz<\/p>\n","protected":false},"featured_media":3411,"comment_status":"closed","ping_status":"open","template":"","meta":{"_mo_disable_npp":""},"product_cat":[122,93],"product_tag":[],"_links":{"self":[{"href":"https:\/\/calimila.com\/ar\/wp-json\/wp\/v2\/product\/3410"}],"collection":[{"href":"https:\/\/calimila.com\/ar\/wp-json\/wp\/v2\/product"}],"about":[{"href":"https:\/\/calimila.com\/ar\/wp-json\/wp\/v2\/types\/product"}],"replies":[{"embeddable":true,"href":"https:\/\/calimila.com\/ar\/wp-json\/wp\/v2\/comments?post=3410"}],"wp:featuredmedia":[{"embeddable":true,"href":"https:\/\/calimila.com\/ar\/wp-json\/wp\/v2\/media\/3411"}],"wp:attachment":[{"href":"https:\/\/calimila.com\/ar\/wp-json\/wp\/v2\/media?parent=3410"}],"wp:term":[{"taxonomy":"product_cat","embeddable":true,"href":"https:\/\/calimila.com\/ar\/wp-json\/wp\/v2\/product_cat?post=3410"},{"taxonomy":"product_tag","embeddable":true,"href":"https:\/\/calimila.com\/ar\/wp-json\/wp\/v2\/product_tag?post=3410"}],"curies":[{"name":"wp","href":"https:\/\/api.w.org\/{rel}","templated":true}]}}