{"id":4878,"date":"2023-12-31T11:25:49","date_gmt":"2023-12-31T08:25:49","guid":{"rendered":"https:\/\/calimila.com\/urun\/rex-london-bambu-bardak-panda\/"},"modified":"2024-01-25T10:31:41","modified_gmt":"2024-01-25T07:31:41","slug":"rex-london-bambu-bardak-panda","status":"publish","type":"product","link":"https:\/\/calimila.com\/rex-london-bambu-bardak-panda\/","title":{"rendered":"Rex London Bambu Bardak &#8211; Panda"},"content":{"rendered":"<p>Sa\u011fl\u0131kl\u0131 bambu materyalden \u0130ngiliz Rex London\u00a0panda bardak, \u00e7ocuklar\u0131n\u0131z\u0131n her \u00f6\u011f\u00fcn\u00fcnde ideal bir yard\u0131mc\u0131.<\/p>\n<p>Panda koleksiyonumuzdan farkl\u0131 \u00fcr\u00fcnler ile bir set yaratabilir, sofralar\u0131n\u0131z\u0131 minikler i\u00e7in\u00a0daha e\u011flenceli bir hale getirebilirsiniz.<\/p>\n<p>Bula\u015f\u0131k makinesinde y\u0131kanabilir. Zararl\u0131 kimyasallar i\u00e7ermez.<\/p>\n<p>\u00d6l\u00e7\u00fcleri: \u00a0\u00c7ap: 7.5 cm \u00a0Y\u00fckseklik: 9.5 cm \u00a0(yakla\u015f\u0131k 290 ml)<\/p>\n","protected":false},"excerpt":{"rendered":"<p>Rex London Bambu Bardak &#8211; Panda<\/p>\n","protected":false},"featured_media":4879,"comment_status":"closed","ping_status":"open","template":"","meta":{"_mo_disable_npp":""},"product_cat":[104,89],"product_tag":[],"_links":{"self":[{"href":"https:\/\/calimila.com\/ar\/wp-json\/wp\/v2\/product\/4878"}],"collection":[{"href":"https:\/\/calimila.com\/ar\/wp-json\/wp\/v2\/product"}],"about":[{"href":"https:\/\/calimila.com\/ar\/wp-json\/wp\/v2\/types\/product"}],"replies":[{"embeddable":true,"href":"https:\/\/calimila.com\/ar\/wp-json\/wp\/v2\/comments?post=4878"}],"wp:featuredmedia":[{"embeddable":true,"href":"https:\/\/calimila.com\/ar\/wp-json\/wp\/v2\/media\/4879"}],"wp:attachment":[{"href":"https:\/\/calimila.com\/ar\/wp-json\/wp\/v2\/media?parent=4878"}],"wp:term":[{"taxonomy":"product_cat","embeddable":true,"href":"https:\/\/calimila.com\/ar\/wp-json\/wp\/v2\/product_cat?post=4878"},{"taxonomy":"product_tag","embeddable":true,"href":"https:\/\/calimila.com\/ar\/wp-json\/wp\/v2\/product_tag?post=4878"}],"curies":[{"name":"wp","href":"https:\/\/api.w.org\/{rel}","templated":true}]}}