{"id":5087,"date":"2023-12-31T11:26:10","date_gmt":"2023-12-31T08:26:10","guid":{"rendered":"https:\/\/calimila.com\/urun\/ava-dugumlu-mini-kurdele-sac-bandi-liberty-fabric\/"},"modified":"2024-01-25T10:25:00","modified_gmt":"2024-01-25T07:25:00","slug":"ava-dugumlu-mini-kurdele-sac-bandi-liberty-fabric","status":"publish","type":"product","link":"https:\/\/calimila.com\/ava-dugumlu-mini-kurdele-sac-bandi-liberty-fabric\/","title":{"rendered":"Ava D\u00fc\u011f\u00fcml\u00fc Mini Kurdele Sa\u00e7 Band\u0131 &#8211; Liberty Fabric"},"content":{"rendered":"<p>Tarihi 1800\u2019l\u00fc y\u0131llara dayanan bir gelenek ve tarihe sahip \u0130ngiliz \u2018Liberty of London\u2019 kuma\u015flar\u0131, birbirinden e\u015fsiz desenleri, dokusu ve kalitesi ile d\u00fcnyan\u0131n en \u00f6zel kuma\u015flar\u0131 aras\u0131nda yer al\u0131r.<\/p>\n<p>Etiyopya&#8217;da Tana G\u00f6l\u00fc&#8217;n\u00fcn ad\u0131n\u0131 ta\u015f\u0131yan, koleksiyonumuzda kulland\u0131\u011f\u0131m\u0131z Liberty Tana Lawn kuma\u015flar, % 100 pamuktan yap\u0131lm\u0131\u015ft\u0131r. Bu nefis ince kuma\u015f yumu\u015fak ve dayan\u0131kl\u0131d\u0131r. Zararl\u0131 kimyasallar veya tahri\u015f edici alerjenler kullan\u0131lmadan \u00fcretilmi\u015ftir.<\/p>\n<p>Minik k\u0131zlar, kombinlerindeki bu minik final dokunu\u015flar\u0131 ile art\u0131k her zamankinden daha \u015f\u0131k. \u00d6zenle se\u00e7ilen desenler ve yumu\u015fac\u0131k, en y\u00fcksek kalitede &#8216;Liberty of London&#8217; imzal\u0131 kuma\u015flar ile tasarlanan sa\u00e7 aksesuarlar\u0131m\u0131z, \u00f6zel g\u00fcnlerin, foto\u011fraf \u00e7ekimlerinin ve benzersiz nice g\u00fczel an\u0131n tamamlay\u0131c\u0131s\u0131 olacak.<\/p>\n<p>Anneler taraf\u0131ndan tasarlanan \u00fcr\u00fcnlerimizin esteti\u011fi kadar kullan\u0131m kolayl\u0131\u011f\u0131, rahatl\u0131\u011f\u0131 ve fonksiyonelli\u011fi de bizim i\u00e7in \u00f6n planda.<\/p>\n<p>Tercihinize g\u00f6re sa\u00e7 bant\u0131 ya da klipsli toka olarak \u00fcretilen sa\u00e7 aksesuarlar\u0131m\u0131z, yine farkl\u0131 boyut ve desenlerde be\u011fenilerinize sunuluyor.<\/p>\n<p>Sa\u00e7 bantlar\u0131m\u0131z olduk\u00e7a esnek ve yumu\u015fakt\u0131r. Yenido\u011fandan yeti\u015fkine kadar her \u00f6l\u00e7\u00fcde rahatl\u0131kla kullan\u0131labilir, ac\u0131tmaz, iz yapmaz.<\/p>\n<p>Tasar\u0131mlar\u0131m\u0131z\u0131n sa\u011flam ve g\u00fcvenli olmas\u0131 a\u00e7\u0131s\u0131ndan elimizden gelen her \u015feyi yap\u0131yoruz. Ancak yine de aksesuarlar k\u00fc\u00e7\u00fck par\u00e7alar ihtiva etti\u011finden, dikkatli ve g\u00f6zetimli kullan\u0131lmal\u0131, \u00f6zellikle uyku esnas\u0131nda bebek ve \u00e7ocuklar taraf\u0131ndan kullan\u0131lmamal\u0131d\u0131r.<\/p>\n<p>Kurdele \u00d6l\u00e7\u00fcs\u00fc: 6 x 3 cm<\/p>\n","protected":false},"excerpt":{"rendered":"<p>Ava D\u00fc\u011f\u00fcml\u00fc Mini Kurdele Sa\u00e7 Band\u0131 &#8211; Liberty Fabric<\/p>\n","protected":false},"featured_media":5088,"comment_status":"closed","ping_status":"open","template":"","meta":{"_mo_disable_npp":""},"product_cat":[109,93],"product_tag":[],"_links":{"self":[{"href":"https:\/\/calimila.com\/ar\/wp-json\/wp\/v2\/product\/5087"}],"collection":[{"href":"https:\/\/calimila.com\/ar\/wp-json\/wp\/v2\/product"}],"about":[{"href":"https:\/\/calimila.com\/ar\/wp-json\/wp\/v2\/types\/product"}],"replies":[{"embeddable":true,"href":"https:\/\/calimila.com\/ar\/wp-json\/wp\/v2\/comments?post=5087"}],"wp:featuredmedia":[{"embeddable":true,"href":"https:\/\/calimila.com\/ar\/wp-json\/wp\/v2\/media\/5088"}],"wp:attachment":[{"href":"https:\/\/calimila.com\/ar\/wp-json\/wp\/v2\/media?parent=5087"}],"wp:term":[{"taxonomy":"product_cat","embeddable":true,"href":"https:\/\/calimila.com\/ar\/wp-json\/wp\/v2\/product_cat?post=5087"},{"taxonomy":"product_tag","embeddable":true,"href":"https:\/\/calimila.com\/ar\/wp-json\/wp\/v2\/product_tag?post=5087"}],"curies":[{"name":"wp","href":"https:\/\/api.w.org\/{rel}","templated":true}]}}