{"id":5113,"date":"2023-12-31T11:26:10","date_gmt":"2023-12-31T08:26:10","guid":{"rendered":"https:\/\/calimila.com\/urun\/carioca-jumbo-bebek-super-yikanabilir-keceli-boya-kalemi-12li\/"},"modified":"2024-01-25T10:25:05","modified_gmt":"2024-01-25T07:25:05","slug":"carioca-jumbo-bebek-super-yikanabilir-keceli-boya-kalemi-12li","status":"publish","type":"product","link":"https:\/\/calimila.com\/carioca-jumbo-bebek-super-yikanabilir-keceli-boya-kalemi-12li\/","title":{"rendered":"Carioca Jumbo Bebek S\u00fcper Y\u0131kanabilir Ke\u00e7eli Boya Kalemi (12&#8217;li)"},"content":{"rendered":"<p>Bu \u00f6zel ke\u00e7eli kalemlerin hem yuvarlak u\u00e7lar\u0131 hem de kal\u0131n g\u00f6vdeleri 2 ya\u015f ve \u00fczeri k\u00fc\u00e7\u00fck \u00e7ocuklar\u0131n kolayca tutup boyama yapabilmesini sa\u011flar. Son derece g\u00fcvenli olan bu \u00fcr\u00fcnler dermatolojik olarak test edilmi\u015f ve onaylanm\u0131\u015ft\u0131r.\u00a0<\/p>\n<p>\u00a0<\/p>\n<p>\u0130\u00e7erilerindeki m\u00fcrekkep toksik olmayan maddeden \u00fcretilmi\u015ftir ve \u00e7ocuk sa\u011fl\u0131\u011f\u0131na zararl\u0131 hi\u00e7bir madde i\u00e7ermez. S\u00fcper y\u0131kanabilir olmas\u0131 sayesinde tenden sabun kullanmay\u0131 gerektirmeden yaln\u0131zca suyla y\u0131kayarak kolayca \u00e7\u0131kart\u0131labilir. Ayr\u0131ca k\u0131yafetlerde kalan izler de y\u0131kanarak kolayca temizlenebilir.<\/p>\n<p>Kapaklar\u0131n \u00fczerinde hava ge\u00e7i\u015fini sa\u011flamak i\u00e7in \u00f6zel olarak tasarlanm\u0131\u015f delikler bulunmaktad\u0131r. Bu sistem sayesinde kalemin i\u00e7inde bulunan m\u00fcrekkep kuruma yapmaz. \u00d6zel u\u00e7 koruma sistemi sayesinde de kalemin ucu kolayca bozulmaz.<\/p>\n<p>Kalemlerin \u00fcretiminde kullan\u0131lan t\u00fcm maddeler ve i\u00e7erilerinde bulunan m\u00fcrekkepler yaln\u0131zca g\u0131da boyas\u0131 kullan\u0131larak renklendirilmi\u015ftir. Plastik k\u0131s\u0131mlar\u0131 da t\u00fcm\u00fcyle geri d\u00f6n\u00fc\u015ft\u00fcr\u00fclebilir \u00f6zelliktedir.<\/p>\n<p>\u0130talya\u2019da \u00fcretilmi\u015ftir.<\/p>\n","protected":false},"excerpt":{"rendered":"<p>Carioca Jumbo Bebek S\u00fcper Y\u0131kanabilir Ke\u00e7eli Boya Kalemi (12&#8217;li)<\/p>\n","protected":false},"featured_media":5114,"comment_status":"closed","ping_status":"open","template":"","meta":{"_mo_disable_npp":""},"product_cat":[146,101],"product_tag":[],"_links":{"self":[{"href":"https:\/\/calimila.com\/ar\/wp-json\/wp\/v2\/product\/5113"}],"collection":[{"href":"https:\/\/calimila.com\/ar\/wp-json\/wp\/v2\/product"}],"about":[{"href":"https:\/\/calimila.com\/ar\/wp-json\/wp\/v2\/types\/product"}],"replies":[{"embeddable":true,"href":"https:\/\/calimila.com\/ar\/wp-json\/wp\/v2\/comments?post=5113"}],"wp:featuredmedia":[{"embeddable":true,"href":"https:\/\/calimila.com\/ar\/wp-json\/wp\/v2\/media\/5114"}],"wp:attachment":[{"href":"https:\/\/calimila.com\/ar\/wp-json\/wp\/v2\/media?parent=5113"}],"wp:term":[{"taxonomy":"product_cat","embeddable":true,"href":"https:\/\/calimila.com\/ar\/wp-json\/wp\/v2\/product_cat?post=5113"},{"taxonomy":"product_tag","embeddable":true,"href":"https:\/\/calimila.com\/ar\/wp-json\/wp\/v2\/product_tag?post=5113"}],"curies":[{"name":"wp","href":"https:\/\/api.w.org\/{rel}","templated":true}]}}