{"id":5138,"date":"2023-12-31T11:26:10","date_gmt":"2023-12-31T08:26:10","guid":{"rendered":"https:\/\/calimila.com\/urun\/asi-kizlara-uykudan-once-hikayeler-2\/"},"modified":"2024-01-25T10:25:03","modified_gmt":"2024-01-25T07:25:03","slug":"asi-kizlara-uykudan-once-hikayeler-2","status":"publish","type":"product","link":"https:\/\/calimila.com\/asi-kizlara-uykudan-once-hikayeler-2\/","title":{"rendered":"Asi K\u0131zlara Uykudan \u00d6nce Hik\u00e2yeler-2"},"content":{"rendered":"<p>Her \u015feye ra\u011fmen hayallerinin pe\u015finden gidip yazmaya devam etmek mi zor, en zorlu zirvelere \u00e7\u0131plak elle t\u0131rmanmak m\u0131? Kartal beslemek mi daha zor, laboratuvardan \u00e7\u0131kmadan yeni form\u00fcller ke\u015ffetti\u011fin halde ad\u0131n\u0131 bile ge\u00e7irmeyen insanlarla m\u00fccadele etmek mi? Sava\u015f\u0131n orta yerinde insanlar\u0131 kurtarmak m\u0131 zor, yoksa bir korsan gemisinde dalgalarla bo\u011fu\u015fmak m\u0131? S\u00f6z konusu d\u00fcnyan\u0131n asi k\u0131zlar\u0131ysa tabii ki hi\u00e7biri!<\/p>\n<p>Agatha Christie, Alice Ball, Audrey Hepburn, Beatrix Potter, J.K. Rowling, Nadya Murad, Nefertiti, Sappho, Selda Ba\u011fcan ve niceleri. Hayatta prenses de\u011fil, kahraman olmay\u0131 se\u00e7mi\u015f, b\u00fct\u00fcn engellerin \u00fcstesinden gelmeyi ba\u015farm\u0131\u015f y\u00fcz kad\u0131n! D\u00fcnyan\u0131n d\u00f6rt bir yan\u0131ndan elli kad\u0131n ill\u00fcstrat\u00f6r\u00fcn \u00e7izimleriyle g\u00f6rsel bir \u015f\u00f6lene d\u00f6n\u00fc\u015fen hayatlar. Elena Favilli ve Francesca Cavallo\u2019nun yazd\u0131\u011f\u0131, ilk kitab\u0131yla her ya\u015ftan k\u0131z ve erke\u011fin ba\u015f ucunda yerini alan, haftalarca \u00e7ok satanlar listelerinden d\u00fc\u015fmeyen\u00a0<em>Asi K\u0131zlara Uykudan \u00d6nce Hik\u00e2yeler<\/em>\u00a0maceras\u0131 kald\u0131\u011f\u0131 yerden devam ediyor!\u00a0<\/p>\n<p>Unutma: \u201cUmut sensin, g\u00fc\u00e7 sensin. Geri ad\u0131m atmazsan, herkes ilerler.\u201d<\/p>\n<p>Yazarlar:\u00a0<strong><a href=\"http:\/\/hepkitap.com.tr\/yazarlarimiz\/elena-favilli\" style=\"margin: 0px; padding: 0px; border: 0px; font: inherit; vertical-align: baseline; box-sizing: border-box; color: rgb(0, 0, 0);\">Elena Favilli<\/a>,\u00a0<a href=\"http:\/\/hepkitap.com.tr\/yazarlarimiz\/francesca-cavallo\" style=\"margin: 0px; padding: 0px; border: 0px; font: inherit; vertical-align: baseline; box-sizing: border-box; color: rgb(0, 0, 0);\">Francesca Cavallo<\/a><\/strong><\/p>\n<p>\u00c7evirmen:\u00a0<strong>Deniz \u00d6ztok<\/strong><\/p>\n<p>Sayfa Say\u0131s\u0131:\u00a0<strong>224<\/strong><\/p>\n<p>Ebat:\u00a0<strong>16.8cm \u00d7 22.8cm<\/strong><\/p>\n<p>Bas\u0131m \u00d6zellikleri:\u00a0<strong>120 gr. 1. hamur, ciltli<\/strong><\/p>\n<p>Yay\u0131n Tarihi:\u00a0<strong>\u015eubat 2018<\/strong><\/p>\n<p>Okur Profili:\u00a0<strong>Yeti\u015fkin\/\u00c7ocuk<\/strong><\/p>\n<p>\u00a0<\/p>\n","protected":false},"excerpt":{"rendered":"<p>Asi K\u0131zlara Uykudan \u00d6nce Hik\u00e2yeler-2<\/p>\n","protected":false},"featured_media":5139,"comment_status":"closed","ping_status":"open","template":"","meta":{"_mo_disable_npp":""},"product_cat":[115],"product_tag":[],"_links":{"self":[{"href":"https:\/\/calimila.com\/ar\/wp-json\/wp\/v2\/product\/5138"}],"collection":[{"href":"https:\/\/calimila.com\/ar\/wp-json\/wp\/v2\/product"}],"about":[{"href":"https:\/\/calimila.com\/ar\/wp-json\/wp\/v2\/types\/product"}],"replies":[{"embeddable":true,"href":"https:\/\/calimila.com\/ar\/wp-json\/wp\/v2\/comments?post=5138"}],"wp:featuredmedia":[{"embeddable":true,"href":"https:\/\/calimila.com\/ar\/wp-json\/wp\/v2\/media\/5139"}],"wp:attachment":[{"href":"https:\/\/calimila.com\/ar\/wp-json\/wp\/v2\/media?parent=5138"}],"wp:term":[{"taxonomy":"product_cat","embeddable":true,"href":"https:\/\/calimila.com\/ar\/wp-json\/wp\/v2\/product_cat?post=5138"},{"taxonomy":"product_tag","embeddable":true,"href":"https:\/\/calimila.com\/ar\/wp-json\/wp\/v2\/product_tag?post=5138"}],"curies":[{"name":"wp","href":"https:\/\/api.w.org\/{rel}","templated":true}]}}