{"id":5193,"date":"2023-12-31T11:26:17","date_gmt":"2023-12-31T08:26:17","guid":{"rendered":"https:\/\/calimila.com\/urun\/emzik-askisi-michelle-liberty-fabric\/"},"modified":"2024-01-25T10:24:55","modified_gmt":"2024-01-25T07:24:55","slug":"emzik-askisi-michelle-liberty-fabric","status":"publish","type":"product","link":"https:\/\/calimila.com\/emzik-askisi-michelle-liberty-fabric\/","title":{"rendered":"Emzik Ask\u0131s\u0131 &#8211; Michelle &#8211; Liberty Fabric"},"content":{"rendered":"<p>Olive&#038;Mom pratik emzik ask\u0131lar\u0131 hem \u015f\u0131k hem de kullan\u0131\u015f\u0131d\u0131r. El yap\u0131m\u0131d\u0131r.<\/p>\n<p>Ayr\u0131ca markan\u0131n ayn\u0131 desendeki\u00a0\u00f6nl\u00fckleri ile birlikte kombinleybilir, bir set yaratabilirsiniz.<\/p>\n<p>Her \u00e7e\u015fit emzi\u011fe uyumludur.\u00a0Emzi\u011finin yere d\u00fc\u015ferek kirlenmesini ve kaybolmas\u0131n\u0131 engeller. Ayr\u0131ca bebe\u011finiz diledi\u011fi zaman kendisi de emzi\u011fine kolayca ula\u015fabilir.<\/p>\n<p>Ask\u0131n\u0131n ucundaki lastik k\u0131sm\u0131 emzik halkas\u0131na ba\u011flay\u0131n, klips k\u0131sm\u0131n\u0131 ise bebe\u011finizin elbisesine tutturun. Yumu\u015fak i\u00e7 k\u0131s\u0131ml\u0131 klips, bebe\u011finizin k\u0131yafetlerine zarar vermez.<\/p>\n<p>Tarihi 1800\u2019l\u00fc y\u0131llara dayanan bir gelenek ve tarihe sahip \u0130ngiliz \u2018Liberty of London\u2019 kuma\u015flar\u0131, birbirinden e\u015fsiz desenleri, dokusu ve kalitesi ile d\u00fcnyan\u0131n en \u00f6zel kuma\u015flar\u0131 aras\u0131nda yer al\u0131r.<\/p>\n<p>Etiyopya&#8217;da Tana G\u00f6l\u00fc&#8217;n\u00fcn ad\u0131n\u0131 ta\u015f\u0131yan, koleksiyonumuzda kulland\u0131\u011f\u0131m\u0131z Liberty Tana Lawn kuma\u015flar, % 100 pamuktan yap\u0131lm\u0131\u015ft\u0131r. Bu nefis ince kuma\u015f yumu\u015fak ve dayan\u0131kl\u0131d\u0131r. Zararl\u0131 kimyasallar veya tahri\u015f edici alerjenler kullan\u0131lmadan \u00fcretilmi\u015ftir.<\/p>\n","protected":false},"excerpt":{"rendered":"<p>Emzik Ask\u0131s\u0131 &#8211; Michelle &#8211; Liberty Fabric<\/p>\n","protected":false},"featured_media":5194,"comment_status":"closed","ping_status":"open","template":"","meta":{"_mo_disable_npp":""},"product_cat":[111,95],"product_tag":[],"_links":{"self":[{"href":"https:\/\/calimila.com\/ar\/wp-json\/wp\/v2\/product\/5193"}],"collection":[{"href":"https:\/\/calimila.com\/ar\/wp-json\/wp\/v2\/product"}],"about":[{"href":"https:\/\/calimila.com\/ar\/wp-json\/wp\/v2\/types\/product"}],"replies":[{"embeddable":true,"href":"https:\/\/calimila.com\/ar\/wp-json\/wp\/v2\/comments?post=5193"}],"wp:featuredmedia":[{"embeddable":true,"href":"https:\/\/calimila.com\/ar\/wp-json\/wp\/v2\/media\/5194"}],"wp:attachment":[{"href":"https:\/\/calimila.com\/ar\/wp-json\/wp\/v2\/media?parent=5193"}],"wp:term":[{"taxonomy":"product_cat","embeddable":true,"href":"https:\/\/calimila.com\/ar\/wp-json\/wp\/v2\/product_cat?post=5193"},{"taxonomy":"product_tag","embeddable":true,"href":"https:\/\/calimila.com\/ar\/wp-json\/wp\/v2\/product_tag?post=5193"}],"curies":[{"name":"wp","href":"https:\/\/api.w.org\/{rel}","templated":true}]}}