{"id":8022,"date":"2023-12-31T11:30:05","date_gmt":"2023-12-31T08:30:05","guid":{"rendered":"https:\/\/calimila.com\/urun\/re-play-tabak-kase-bardak-seti-lime\/"},"modified":"2024-01-25T09:55:10","modified_gmt":"2024-01-25T06:55:10","slug":"re-play-tabak-kase-bardak-seti-lime","status":"publish","type":"product","link":"https:\/\/calimila.com\/re-play-tabak-kase-bardak-seti-lime\/","title":{"rendered":"Re-Play Tabak-Kase-Bardak Seti &#8211; Lime"},"content":{"rendered":"<p><strong>\u00c7evre Dostu, Sa\u011fl\u0131kl\u0131, Dayan\u0131kl\u0131<\/strong><\/p>\n<p>T\u00fcm Re-Play \u00fcr\u00fcnleri FDA onayl\u0131 , s\u00fcrd\u00fcr\u00fclebilir, geri d\u00f6n\u00fc\u015ft\u00fcr\u00fclm\u00fc\u015f plastik malzemelerden imal edilmi\u015ftir.<\/p>\n<p><strong>Re-Play \u00fcr\u00fcnleri sadece \u00e7ocuklar\u0131n\u0131z i\u00e7in de\u011fil, \u00e7evre i\u00e7in de harika bir se\u00e7imdir!<\/strong><\/p>\n<p>Set 1 adet b\u00f6lmeli tabak ,1 adet kase ve 1 adet al\u0131\u015ft\u0131rma barda\u011f\u0131ndan\u00a0olu\u015fmaktad\u0131r.<\/p>\n<p><strong>Tabak Boyutlar\u0131:<\/strong><\/p>\n<p>18 x 18 x 3.2 cm<\/p>\n<p><strong>Kase Boyutlar\u0131:<\/strong><\/p>\n<p>13\u00a0x 13\u00a0x 4,7\u00a0cm \u00a0(350 ml)<\/p>\n<p><strong>Bardak Boyutlar\u0131: \u00a0<\/strong><\/p>\n<p>13 x 6 cm. (300 ml)<\/p>\n<p>-ABD\u2019de ve FDA onayl\u0131, geri d\u00f6n\u00fc\u015ft\u00fcr\u00fclm\u00fc\u015f s\u00fct \u015fi\u015felerinden imal edilmi\u015ftir.<\/p>\n<p>-Re-play, her 6 saniyede bir, bir s\u00fct \u015fi\u015fesini kurtararak geri d\u00f6n\u00fc\u015ft\u00fcrerek sa\u011flam, s\u00fcrd\u00fcr\u00fclebilir, G\u00dcVENL\u0130 \u00fcr\u00fcnler sunuyor.\u00a0<\/p>\n<p><strong>-BPA, Fitalat, PVC, y\u00fczey kaplamas\u0131 i\u00e7ermez.\u00a0<\/strong><\/p>\n<p><strong>Zararl\u0131 hi\u00e7bir kimyasal i\u00e7ermeyen Re-Play \u00fcr\u00fcnleri hem minikleriniz hem de \u00e7evre i\u00e7in g\u00fcvenlidir.<\/strong><\/p>\n<p>-Bula\u015f\u0131k makinesinde y\u0131kanabilir.<\/p>\n<p>-\u00dcst \u00fcste dizildi\u011finde kolayca depolanabilir.<\/p>\n<p>Re-Play \u00fcr\u00fcnleri sadece Geri D\u00f6n\u00fc\u015f\u00fcml\u00fc malzemeden yap\u0131lmakla kalmaz, kullan\u0131m sonunda ambalajlar\u0131 da dahil olmak \u00fczere tekrar geri d\u00f6n\u00fc\u015ft\u00fcr\u00fclebilir!<\/p>\n<p><img decoding=\"async\" alt=\"\" src=\"https:\/\/calimila.com\/wp-content\/uploads\/2023\/12\/Ekran_Resmi_2020-01-30_17.36.26.jpg\" style=\"height:127px; width:550px\" \/><\/p>\n<p><img decoding=\"async\" alt=\"\" src=\"https:\/\/calimila.com\/wp-content\/uploads\/2023\/12\/Re-play_d1fad551-3ba4-40a4-aebd-209ecd5ee250_1024x1024.jpg\" style=\"height:222px; width:600px\" \/><\/p>\n","protected":false},"excerpt":{"rendered":"<p>Re-Play Tabak-Kase-Bardak Seti &#8211; Lime<\/p>\n","protected":false},"featured_media":8023,"comment_status":"closed","ping_status":"open","template":"","meta":{"_mo_disable_npp":""},"product_cat":[112,89],"product_tag":[],"_links":{"self":[{"href":"https:\/\/calimila.com\/ar\/wp-json\/wp\/v2\/product\/8022"}],"collection":[{"href":"https:\/\/calimila.com\/ar\/wp-json\/wp\/v2\/product"}],"about":[{"href":"https:\/\/calimila.com\/ar\/wp-json\/wp\/v2\/types\/product"}],"replies":[{"embeddable":true,"href":"https:\/\/calimila.com\/ar\/wp-json\/wp\/v2\/comments?post=8022"}],"wp:featuredmedia":[{"embeddable":true,"href":"https:\/\/calimila.com\/ar\/wp-json\/wp\/v2\/media\/8023"}],"wp:attachment":[{"href":"https:\/\/calimila.com\/ar\/wp-json\/wp\/v2\/media?parent=8022"}],"wp:term":[{"taxonomy":"product_cat","embeddable":true,"href":"https:\/\/calimila.com\/ar\/wp-json\/wp\/v2\/product_cat?post=8022"},{"taxonomy":"product_tag","embeddable":true,"href":"https:\/\/calimila.com\/ar\/wp-json\/wp\/v2\/product_tag?post=8022"}],"curies":[{"name":"wp","href":"https:\/\/api.w.org\/{rel}","templated":true}]}}