{"id":2970,"date":"2023-12-31T11:22:39","date_gmt":"2023-12-31T08:22:39","guid":{"rendered":"https:\/\/calimila.com\/urun\/one-little-foodie-bambu-bardak-3lu-set-250-ml\/"},"modified":"2024-01-25T10:47:00","modified_gmt":"2024-01-25T07:47:00","slug":"one-little-foodie-bambu-bardak-3lu-set-250-ml","status":"publish","type":"product","link":"https:\/\/calimila.com\/one-little-foodie-bambu-bardak-3lu-set-250-ml\/","title":{"rendered":"One Little Foodie Bambu Bardak 3&#8217;l\u00fc Set (250 ml)"},"content":{"rendered":"<p>One Little Foodie 3\u2019l\u00fc Bambu Bardak Seti \u2013 250 ml<\/p>\n<p>\u00a0<\/p>\n<p>Tam miniklerin ellerine uygun, bardaklar\u0131n\u0131 kendi kendilerine tutabilmenin keyfini ya\u015fayacaklar\u0131, sa\u011fl\u0131kl\u0131 materyallerden bardaklar, One Little Foodie bambu bardak setleri ile ger\u00e7ek oldu!<\/p>\n<p>G\u00fcvenli, dayan\u0131kl\u0131*, \u00e7izilmeyen, i\u00e7 i\u00e7e ge\u00e7ebilen, pvc, fitalat ya da zararl\u0131 hi\u00e7bir kimyasal i\u00e7ermeyen, koku tutmayan, uzun \u00f6m\u00fcrl\u00fc, bula\u015f\u0131k makinesinde y\u0131kanabilen bu 3\u2019l\u00fc bardak setlerine bay\u0131lacaks\u0131n\u0131z.<\/p>\n<p>Tamamen do\u011fal \u00e7evre dostu bambu fiber materyalden, renkleri ile i\u00e7inizi \u0131s\u0131tacak, sofralar\u0131n\u0131za renk katacak bu bardaklar sadece miniklere de\u011fil, siz b\u00fcy\u00fcklere de piknikte, kampta, bah\u00e7ede\u2026hayat\u0131n\u0131z\u0131 kolayla\u015ft\u0131racak. Hem so\u011fuk hem s\u0131cak i\u00e7ecekler i\u00e7in rahatl\u0131kla kullan\u0131labilir.<\/p>\n<p>\u00a0<\/p>\n<p><strong>Ebat: 7 x 8 cm<\/strong><\/p>\n<p><strong>3 ADET x 250 ml<\/strong><\/p>\n<p>\u00a0<\/p>\n<p>\u00a0<\/p>\n<p>*\u00dcr\u00fcnlerimizin olduk\u00e7a dayan\u0131kl\u0131 ve uzun \u00f6m\u00fcrl\u00fc olmas\u0131na ra\u011fmen bu \u00e7evre dostu bambu malzemenin k\u0131r\u0131lmaz olmad\u0131\u011f\u0131n\u0131 l\u00fctfen unutmay\u0131n. Seramik veya cam gibi \u00e7abuk k\u0131r\u0131lmaz ancak sert bir zemine k\u00f6t\u00fc bir a\u00e7\u0131yla d\u00fc\u015f\u00fcr\u00fcl\u00fcrse bir k\u0131r\u0131k veya \u00e7atlak olu\u015fabilir.<\/p>\n","protected":false},"excerpt":{"rendered":"<p>One Little Foodie Bambu Bardak  3&#8217;l\u00fc Set (250 ml)<\/p>\n","protected":false},"featured_media":2971,"comment_status":"closed","ping_status":"open","template":"","meta":{"_mo_disable_npp":""},"product_cat":[99,89],"product_tag":[],"_links":{"self":[{"href":"https:\/\/calimila.com\/en\/wp-json\/wp\/v2\/product\/2970"}],"collection":[{"href":"https:\/\/calimila.com\/en\/wp-json\/wp\/v2\/product"}],"about":[{"href":"https:\/\/calimila.com\/en\/wp-json\/wp\/v2\/types\/product"}],"replies":[{"embeddable":true,"href":"https:\/\/calimila.com\/en\/wp-json\/wp\/v2\/comments?post=2970"}],"wp:featuredmedia":[{"embeddable":true,"href":"https:\/\/calimila.com\/en\/wp-json\/wp\/v2\/media\/2971"}],"wp:attachment":[{"href":"https:\/\/calimila.com\/en\/wp-json\/wp\/v2\/media?parent=2970"}],"wp:term":[{"taxonomy":"product_cat","embeddable":true,"href":"https:\/\/calimila.com\/en\/wp-json\/wp\/v2\/product_cat?post=2970"},{"taxonomy":"product_tag","embeddable":true,"href":"https:\/\/calimila.com\/en\/wp-json\/wp\/v2\/product_tag?post=2970"}],"curies":[{"name":"wp","href":"https:\/\/api.w.org\/{rel}","templated":true}]}}