{"id":3091,"date":"2023-12-31T11:22:45","date_gmt":"2023-12-31T08:22:45","guid":{"rendered":"https:\/\/calimila.com\/urun\/re-play-catalkasik-seti-cherry-4lu\/"},"modified":"2024-01-25T10:46:55","modified_gmt":"2024-01-25T07:46:55","slug":"re-play-catalkasik-seti-cherry-4lu","status":"publish","type":"product","link":"https:\/\/calimila.com\/re-play-catalkasik-seti-cherry-4lu\/","title":{"rendered":"Re-Play \u00c7atal&#038;Ka\u015f\u0131k Seti Cherry (4&#8217;l\u00fc)"},"content":{"rendered":"<p><span style=\"font-size:18px\"><span style=\"color:#FF8C00\"><strong>\u00c7evre Dostu, Sa\u011fl\u0131kl\u0131, Dayan\u0131kl\u0131<\/strong><\/span><\/span><\/p>\n<p>Re-Play \u00e7atal ka\u015f\u0131k setleri minik ellerin rahtl\u0131kla kendi kendilerine yemek yiyebilmeleri i\u00e7in \u00f6zel olarak tasarlanm\u0131\u015ft\u0131r.\u200b<\/p>\n<p>Yuvarlat\u0131lm\u0131\u015f \u00e7atal u\u00e7lar\u0131 ve derin ka\u015f\u0131\u011f\u0131 ile olduk\u00e7a g\u00fcvenli ve rahatt\u0131r.<\/p>\n<p>Set 8 Par\u00e7adan olu\u015fur (4 \u00e7atal + 4 ka\u015f\u0131k)<\/p>\n<p>T\u00fcm Re-Play \u00fcr\u00fcnleri FDA onayl\u0131 , s\u00fcrd\u00fcr\u00fclebilir, geri d\u00f6n\u00fc\u015ft\u00fcr\u00fclm\u00fc\u015f plastik malzemelerden imal edilmi\u015ftir.<\/p>\n<p><strong>Re-Play \u00fcr\u00fcnleri sadece \u00e7ocuklar\u0131n\u0131z i\u00e7in de\u011fil, \u00e7evre i\u00e7in de harika bir se\u00e7imdir!<\/strong><\/p>\n<p>Canl\u0131 bir sofra tak\u0131m\u0131 olu\u015fturmak i\u00e7in\u00a0\u00e7atal&#038;ka\u015f\u0131k setlerimizi, saklama kaplar\u0131m\u0131z, kaselerimiz, bardaklar\u0131m\u0131z ve tabaklar\u0131m\u0131zla kar\u0131\u015ft\u0131r\u0131n ve e\u015fle\u015ftirin!<\/p>\n<p>&#8211;<strong>ABD\u2019de<\/strong>\u00a0ve FDA onayl\u0131, geri d\u00f6n\u00fc\u015ft\u00fcr\u00fclm\u00fc\u015f s\u00fct \u015fi\u015felerinden<strong>\u00a0imal edilmi\u015ftir.<\/strong><\/p>\n<p>-Re-play, her 6 saniyede bir, bir s\u00fct \u015fi\u015fesini kurtararak geri d\u00f6n\u00fc\u015ft\u00fcrerek sa\u011flam, s\u00fcrd\u00fcr\u00fclebilir, G\u00dcVENL\u0130 \u00fcr\u00fcnler sunuyor.\u00a0<\/p>\n<p><strong>-BPA, Fitalat, PVC, y\u00fczey kaplamas\u0131 i\u00e7ermez.\u00a0<\/strong><\/p>\n<p><strong>Zararl\u0131 hi\u00e7bir kimyasal i\u00e7ermeyen Re-Play \u00fcr\u00fcnleri hem minikleriniz hem de \u00e7evre i\u00e7in g\u00fcvenlidir.<\/strong><\/p>\n<p>-Bula\u015f\u0131k makinesinde y\u0131kanabilir.<\/p>\n<p>Re-Play \u00fcr\u00fcnleri sadece Geri D\u00f6n\u00fc\u015f\u00fcml\u00fc malzemeden yap\u0131lmakla kalmaz, kullan\u0131m sonunda ambalajlar\u0131 da dahil olmak \u00fczere tekrar geri d\u00f6n\u00fc\u015ft\u00fcr\u00fclebilir!<\/p>\n<p><img decoding=\"async\" alt=\"\" src=\"https:\/\/calimila.com\/wp-content\/uploads\/2023\/12\/Ekran_Resmi_2020-01-30_17.36.26.jpg\" style=\"height:127px; width:550px\" \/><\/p>\n<p><img decoding=\"async\" alt=\"\" src=\"https:\/\/calimila.com\/wp-content\/uploads\/2023\/12\/Re-play_d1fad551-3ba4-40a4-aebd-209ecd5ee250_1024x1024.jpg\" style=\"height:222px; width:600px\" \/><\/p>\n<p><img decoding=\"async\" alt=\"\" src=\"https:\/\/calimila.com\/wp-content\/uploads\/2023\/12\/New_Project-26_kopyasY.jpg\" style=\"height:200px; width:200px\" \/><\/p>\n","protected":false},"excerpt":{"rendered":"<p>Re-Play \u00c7atal&#038;Ka\u015f\u0131k Seti Cherry (4&#8217;l\u00fc)<\/p>\n","protected":false},"featured_media":3092,"comment_status":"closed","ping_status":"open","template":"","meta":{"_mo_disable_npp":""},"product_cat":[98,89],"product_tag":[],"_links":{"self":[{"href":"https:\/\/calimila.com\/en\/wp-json\/wp\/v2\/product\/3091"}],"collection":[{"href":"https:\/\/calimila.com\/en\/wp-json\/wp\/v2\/product"}],"about":[{"href":"https:\/\/calimila.com\/en\/wp-json\/wp\/v2\/types\/product"}],"replies":[{"embeddable":true,"href":"https:\/\/calimila.com\/en\/wp-json\/wp\/v2\/comments?post=3091"}],"wp:featuredmedia":[{"embeddable":true,"href":"https:\/\/calimila.com\/en\/wp-json\/wp\/v2\/media\/3092"}],"wp:attachment":[{"href":"https:\/\/calimila.com\/en\/wp-json\/wp\/v2\/media?parent=3091"}],"wp:term":[{"taxonomy":"product_cat","embeddable":true,"href":"https:\/\/calimila.com\/en\/wp-json\/wp\/v2\/product_cat?post=3091"},{"taxonomy":"product_tag","embeddable":true,"href":"https:\/\/calimila.com\/en\/wp-json\/wp\/v2\/product_tag?post=3091"}],"curies":[{"name":"wp","href":"https:\/\/api.w.org\/{rel}","templated":true}]}}