{"id":3397,"date":"2023-12-31T11:23:12","date_gmt":"2023-12-31T08:23:12","guid":{"rendered":"https:\/\/calimila.com\/urun\/emzik-askisi-dream\/"},"modified":"2024-01-25T10:45:56","modified_gmt":"2024-01-25T07:45:56","slug":"emzik-askisi-dream","status":"publish","type":"product","link":"https:\/\/calimila.com\/emzik-askisi-dream\/","title":{"rendered":"Emzik Ask\u0131s\u0131 &#8211; Dream"},"content":{"rendered":"<p>Olive&#038;Mom pratik emzik ask\u0131lar\u0131 hem \u015f\u0131k hem de kullan\u0131\u015f\u0131d\u0131r. El yap\u0131m\u0131d\u0131r.<\/p>\n<p>Ayr\u0131ca markan\u0131n ayn\u0131 desendeki\u00a0\u00f6nl\u00fckleri ile birlikte kombinleybilir, bir set yaratabilirsiniz.<\/p>\n<p>Her \u00e7e\u015fit emzi\u011fe uyumludur.\u00a0Emzi\u011finin yere d\u00fc\u015ferek kirlenmesini ve kaybolmas\u0131n\u0131 engeller. Ayr\u0131ca bebe\u011finiz diledi\u011fi zaman kendisi de emzi\u011fine kolayca ula\u015fabilir.<\/p>\n<p>Ask\u0131n\u0131n ucundaki lastik k\u0131sm\u0131 emzik halkas\u0131na ba\u011flay\u0131n, klips k\u0131sm\u0131n\u0131 ise bebe\u011finizin elbisesine tutturun. Yumu\u015fak i\u00e7 k\u0131s\u0131ml\u0131 klips, bebe\u011finizin k\u0131yafetlerine zarar vermez.<\/p>\n","protected":false},"excerpt":{"rendered":"<p>Emzik Ask\u0131s\u0131 &#8211; Dream<\/p>\n","protected":false},"featured_media":3398,"comment_status":"closed","ping_status":"open","template":"","meta":{"_mo_disable_npp":""},"product_cat":[111,95],"product_tag":[],"_links":{"self":[{"href":"https:\/\/calimila.com\/en\/wp-json\/wp\/v2\/product\/3397"}],"collection":[{"href":"https:\/\/calimila.com\/en\/wp-json\/wp\/v2\/product"}],"about":[{"href":"https:\/\/calimila.com\/en\/wp-json\/wp\/v2\/types\/product"}],"replies":[{"embeddable":true,"href":"https:\/\/calimila.com\/en\/wp-json\/wp\/v2\/comments?post=3397"}],"wp:featuredmedia":[{"embeddable":true,"href":"https:\/\/calimila.com\/en\/wp-json\/wp\/v2\/media\/3398"}],"wp:attachment":[{"href":"https:\/\/calimila.com\/en\/wp-json\/wp\/v2\/media?parent=3397"}],"wp:term":[{"taxonomy":"product_cat","embeddable":true,"href":"https:\/\/calimila.com\/en\/wp-json\/wp\/v2\/product_cat?post=3397"},{"taxonomy":"product_tag","embeddable":true,"href":"https:\/\/calimila.com\/en\/wp-json\/wp\/v2\/product_tag?post=3397"}],"curies":[{"name":"wp","href":"https:\/\/api.w.org\/{rel}","templated":true}]}}