{"id":3417,"date":"2023-12-31T11:23:18","date_gmt":"2023-12-31T08:23:18","guid":{"rendered":"https:\/\/calimila.com\/urun\/kidful-emzik-kutusu-jungle\/"},"modified":"2023-12-31T11:23:19","modified_gmt":"2023-12-31T08:23:19","slug":"kidful-emzik-kutusu-jungle","status":"publish","type":"product","link":"https:\/\/calimila.com\/kidful-emzik-kutusu-jungle\/","title":{"rendered":"Kidful Emzik Kutusu &#8211; Jungle"},"content":{"rendered":"<p>Kidful emzik kutular\u0131, fonksiyonellikle g\u00f6rselli\u011fi birle\u015ftirip, al\u0131\u015f\u0131lm\u0131\u015f emzik kutular\u0131n\u0131n d\u0131\u015f\u0131na \u00e7\u0131k\u0131yor!<\/p>\n<p>Geni\u015f haznesiyle, kulland\u0131\u011f\u0131n\u0131z emzik boyutuna g\u00f6re 2-4 adet emzi\u011fi tek bir kutuda sakl\u0131yor.<\/p>\n<p>Klipsli olmas\u0131 sayesinde \u00e7antan\u0131za ya da \u00e7antan\u0131z\u0131n fermuar ucuna as\u0131labiliyor; b\u00f6ylece \u00e7antan\u0131zda emzik kutusunu araman\u0131z gerekmiyor.<\/p>\n<p>BPA, fatalat ve nikel gibi zararl\u0131 maddeler i\u00e7ermiyor.<\/p>\n<p>D\u0131\u015f ve i\u00e7 y\u00fczeyi silinebilir kuma\u015f oldu\u011fundan kolay temizleniyor.<\/p>\n<p>\u0130\u00e7 y\u00fczeyinin, BPA i\u00e7ermeyen kaygan y\u00fczeyli peva olmas\u0131 sebebiyle de emzi\u011finize toz vs. bula\u015fm\u0131yor; emzi\u011finizi kutunun i\u00e7ine koydu\u011funuz gibi muhafaza ediyor.<\/p>\n<p>Emzik kutusunda kullan\u0131lan %100 ger\u00e7ek deri aparatlar ilave estetik yarat\u0131rken, her dokunu\u015funuzda yumu\u015fakl\u0131\u011f\u0131n\u0131 ve kalitesini hissettiriyor.<\/p>\n<p>\u00dcstelik, Kidful emzik kutular\u0131n\u0131 \u00e7ocu\u011funuz emzik kullanmay\u0131 b\u0131rakt\u0131\u011f\u0131nda bozuk para \u00e7antas\u0131 ya da anahtarl\u0131k olarak da kullanmaya devam edebiliyorsunuz.\u00a0<\/p>\n<p>Hatta m\u00fckemmel bir uyum i\u00e7in, Kidful emzik kutunuzu Olive&#038;Mom emzik ask\u0131lar\u0131 ile\u00a0tamamlayabilirsiniz.<\/p>\n<p>\n<span style=\"font-family:inherit !important\">Bak\u0131m Talimat\u0131:\u00a0<\/span>Nemli bezle siliniz.<\/p>\n<div style=\"box-sizing: border-box; margin: 0px; padding: 0px; border: 0px; vertical-align: baseline; caret-color: rgb(135, 135, 135); color: rgb(135, 135, 135); font-family: Poppins, Arial, Helvetica, sans-serif; font-size: 12px;\">\u00a0<\/div>\n<p>\u00a0<\/p>\n","protected":false},"excerpt":{"rendered":"<p>Kidful Emzik Kutusu &#8211;  Jungle<\/p>\n","protected":false},"featured_media":3418,"comment_status":"closed","ping_status":"open","template":"","meta":{"_mo_disable_npp":""},"product_cat":[124,95],"product_tag":[],"_links":{"self":[{"href":"https:\/\/calimila.com\/en\/wp-json\/wp\/v2\/product\/3417"}],"collection":[{"href":"https:\/\/calimila.com\/en\/wp-json\/wp\/v2\/product"}],"about":[{"href":"https:\/\/calimila.com\/en\/wp-json\/wp\/v2\/types\/product"}],"replies":[{"embeddable":true,"href":"https:\/\/calimila.com\/en\/wp-json\/wp\/v2\/comments?post=3417"}],"wp:featuredmedia":[{"embeddable":true,"href":"https:\/\/calimila.com\/en\/wp-json\/wp\/v2\/media\/3418"}],"wp:attachment":[{"href":"https:\/\/calimila.com\/en\/wp-json\/wp\/v2\/media?parent=3417"}],"wp:term":[{"taxonomy":"product_cat","embeddable":true,"href":"https:\/\/calimila.com\/en\/wp-json\/wp\/v2\/product_cat?post=3417"},{"taxonomy":"product_tag","embeddable":true,"href":"https:\/\/calimila.com\/en\/wp-json\/wp\/v2\/product_tag?post=3417"}],"curies":[{"name":"wp","href":"https:\/\/api.w.org\/{rel}","templated":true}]}}