{"id":3756,"date":"2023-12-31T11:23:51","date_gmt":"2023-12-31T08:23:51","guid":{"rendered":"https:\/\/calimila.com\/urun\/michelle-onluk-liberty-fabric\/"},"modified":"2024-01-25T10:36:32","modified_gmt":"2024-01-25T07:36:32","slug":"michelle-onluk-liberty-fabric","status":"publish","type":"product","link":"https:\/\/calimila.com\/michelle-onluk-liberty-fabric\/","title":{"rendered":"Michelle \u00d6nl\u00fck &#8211; Liberty Fabric"},"content":{"rendered":"<p>Tarihi 1800\u2019l\u00fc y\u0131llara dayanan bir gelenek ve tarihe sahip \u0130ngiliz \u2018Liberty of London\u2019 kuma\u015flar\u0131, birbirinden e\u015fsiz desenleri, dokusu ve kalitesi ile d\u00fcnyan\u0131n en \u00f6zel kuma\u015flar\u0131 aras\u0131nda yer al\u0131r.<\/p>\n<p>Etiyopya&#8217;da Tana G\u00f6l\u00fc&#8217;n\u00fcn ad\u0131n\u0131 ta\u015f\u0131yan, koleksiyonumuzda kulland\u0131\u011f\u0131m\u0131z Liberty Tana Lawn kuma\u015flar, % 100 pamuktan yap\u0131lm\u0131\u015ft\u0131r. Bu nefis ince kuma\u015f yumu\u015fak ve dayan\u0131kl\u0131d\u0131r. Zararl\u0131 kimyasallar veya tahri\u015f edici alerjenler kullan\u0131lmadan \u00fcretilmi\u015ftir.<\/p>\n<div>Art\u0131k bebeklerin hayat\u0131nda \u00f6nl\u00fckler sadece yemek yemek i\u00e7in de\u011fil, tarzlar\u0131na renk katmak i\u00e7in de var olacak.<\/div>\n<p>Bebe\u011finizin k\u0131yafetlerini \u00f6zellikle di\u015f \u00e7\u0131karma d\u00f6neminin kabusu salyalardan, tam tekmil giyinmi\u015fken bebe\u011finizin \u00fczerine d\u00f6k\u00fclen \u00e7orbalardan, ba\u015far\u0131 ile sonu\u00e7lanamayan su i\u00e7me denemelerinden, Olive&#038;Mom\u2019un tamamen el yap\u0131m\u0131, Liberty London kuma\u015flar\u0131 ile\u00a0\u00fcretilmi\u015f tasar\u0131mlar\u0131 kurtaracak.<\/p>\n<p>Yenido\u011fandan yakla\u015f\u0131k\u00a02 ya\u015fa kadar kullan\u0131labilen\u00a0\u00f6nl\u00fckler,\u00a0bebe\u011finizin k\u0131yafetlerinde\u00a0e\u011flenceli, \u015f\u0131k ve\u00a0benzersiz bir hava yaratacak.<\/p>\n<p>\u00a0<\/p>\n<p>Geni\u015flik: 17\u00a0cm \u00a0Y\u00fckseklik: 20 cm<\/p>\n","protected":false},"excerpt":{"rendered":"<p>Michelle \u00d6nl\u00fck &#8211; Liberty Fabric<\/p>\n","protected":false},"featured_media":3757,"comment_status":"closed","ping_status":"open","template":"","meta":{"_mo_disable_npp":""},"product_cat":[95],"product_tag":[],"_links":{"self":[{"href":"https:\/\/calimila.com\/en\/wp-json\/wp\/v2\/product\/3756"}],"collection":[{"href":"https:\/\/calimila.com\/en\/wp-json\/wp\/v2\/product"}],"about":[{"href":"https:\/\/calimila.com\/en\/wp-json\/wp\/v2\/types\/product"}],"replies":[{"embeddable":true,"href":"https:\/\/calimila.com\/en\/wp-json\/wp\/v2\/comments?post=3756"}],"wp:featuredmedia":[{"embeddable":true,"href":"https:\/\/calimila.com\/en\/wp-json\/wp\/v2\/media\/3757"}],"wp:attachment":[{"href":"https:\/\/calimila.com\/en\/wp-json\/wp\/v2\/media?parent=3756"}],"wp:term":[{"taxonomy":"product_cat","embeddable":true,"href":"https:\/\/calimila.com\/en\/wp-json\/wp\/v2\/product_cat?post=3756"},{"taxonomy":"product_tag","embeddable":true,"href":"https:\/\/calimila.com\/en\/wp-json\/wp\/v2\/product_tag?post=3756"}],"curies":[{"name":"wp","href":"https:\/\/api.w.org\/{rel}","templated":true}]}}