{"id":4513,"date":"2023-12-31T11:24:50","date_gmt":"2023-12-31T08:24:50","guid":{"rendered":"https:\/\/calimila.com\/urun\/carioca-sulu-boya-12li-30mm\/"},"modified":"2024-01-25T10:33:12","modified_gmt":"2024-01-25T07:33:12","slug":"carioca-sulu-boya-12li-30mm","status":"publish","type":"product","link":"https:\/\/calimila.com\/carioca-sulu-boya-12li-30mm\/","title":{"rendered":"Carioca Sulu Boya 12&#8217;li (30mm)"},"content":{"rendered":"<p>Carioca&#8217;n\u0131n 12 farkl\u0131 parlak ve pastel renkten olu\u015fan bu sulu boya paleti k\u00fc\u00e7\u00fck ya\u015f \u00e7ocuklar\u0131n\u0131n kullanmalar\u0131 i\u00e7in uygun ve g\u00fcvenili..<\/p>\n<p>Birlikte kolayca kar\u0131\u015ft\u0131r\u0131labilir. Renkler toksik olmayan maddeden \u00fcretilmi\u015ftir ve \u00e7ocuk sa\u011fl\u0131\u011f\u0131na zararl\u0131 hi\u00e7bir madde i\u00e7ermez.<\/p>\n<p>Dermatolojik olarak test edilmi\u015ftir.<\/p>\n<p>\u00d8 30 mm<\/p>\n","protected":false},"excerpt":{"rendered":"<p>Carioca Sulu Boya 12&#8217;li (30mm)<\/p>\n","protected":false},"featured_media":4514,"comment_status":"closed","ping_status":"open","template":"","meta":{"_mo_disable_npp":""},"product_cat":[146,101],"product_tag":[],"_links":{"self":[{"href":"https:\/\/calimila.com\/en\/wp-json\/wp\/v2\/product\/4513"}],"collection":[{"href":"https:\/\/calimila.com\/en\/wp-json\/wp\/v2\/product"}],"about":[{"href":"https:\/\/calimila.com\/en\/wp-json\/wp\/v2\/types\/product"}],"replies":[{"embeddable":true,"href":"https:\/\/calimila.com\/en\/wp-json\/wp\/v2\/comments?post=4513"}],"wp:featuredmedia":[{"embeddable":true,"href":"https:\/\/calimila.com\/en\/wp-json\/wp\/v2\/media\/4514"}],"wp:attachment":[{"href":"https:\/\/calimila.com\/en\/wp-json\/wp\/v2\/media?parent=4513"}],"wp:term":[{"taxonomy":"product_cat","embeddable":true,"href":"https:\/\/calimila.com\/en\/wp-json\/wp\/v2\/product_cat?post=4513"},{"taxonomy":"product_tag","embeddable":true,"href":"https:\/\/calimila.com\/en\/wp-json\/wp\/v2\/product_tag?post=4513"}],"curies":[{"name":"wp","href":"https:\/\/api.w.org\/{rel}","templated":true}]}}