{"id":5396,"date":"2023-12-31T11:26:40","date_gmt":"2023-12-31T08:26:40","guid":{"rendered":"https:\/\/calimila.com\/urun\/rex-london-bambu-yumurtalikli-kahvalti-tabagi-unicorn\/"},"modified":"2024-01-25T10:14:00","modified_gmt":"2024-01-25T07:14:00","slug":"rex-london-bambu-yumurtalikli-kahvalti-tabagi-unicorn","status":"publish","type":"product","link":"https:\/\/calimila.com\/rex-london-bambu-yumurtalikli-kahvalti-tabagi-unicorn\/","title":{"rendered":"Rex London Bambu Yumurtal\u0131kl\u0131 Kahvalt\u0131 Taba\u011f\u0131 &#8211; Unicorn"},"content":{"rendered":"<p>Kahvalt\u0131 sofralar\u0131n\u0131 \u00e7ok daha e\u011flenceli hale getirmeye ve yumurta toku\u015fturma oyunlar\u0131na var m\u0131s\u0131n\u0131z?<\/p>\n<p>Sa\u011fl\u0131kl\u0131, eco friendly bambu fiber materyalden, yumurta g\u00f6zl\u00fc Rex London Bambu tabaklar, miniklerinizin i\u015ftah\u0131n\u0131 a\u00e7acak!<\/p>\n<p>\u00d6l\u00e7\u00fcler: En:13 cm \u00a0Boy:18 cm\u00a0\u00a0Y\u00fckseklik:2,5 cm<\/p>\n","protected":false},"excerpt":{"rendered":"<p>Rex London Bambu Yumurtal\u0131kl\u0131 Kahvalt\u0131 Taba\u011f\u0131 &#8211; Unicorn<\/p>\n","protected":false},"featured_media":5397,"comment_status":"closed","ping_status":"open","template":"","meta":{"_mo_disable_npp":""},"product_cat":[98,89],"product_tag":[],"_links":{"self":[{"href":"https:\/\/calimila.com\/en\/wp-json\/wp\/v2\/product\/5396"}],"collection":[{"href":"https:\/\/calimila.com\/en\/wp-json\/wp\/v2\/product"}],"about":[{"href":"https:\/\/calimila.com\/en\/wp-json\/wp\/v2\/types\/product"}],"replies":[{"embeddable":true,"href":"https:\/\/calimila.com\/en\/wp-json\/wp\/v2\/comments?post=5396"}],"wp:featuredmedia":[{"embeddable":true,"href":"https:\/\/calimila.com\/en\/wp-json\/wp\/v2\/media\/5397"}],"wp:attachment":[{"href":"https:\/\/calimila.com\/en\/wp-json\/wp\/v2\/media?parent=5396"}],"wp:term":[{"taxonomy":"product_cat","embeddable":true,"href":"https:\/\/calimila.com\/en\/wp-json\/wp\/v2\/product_cat?post=5396"},{"taxonomy":"product_tag","embeddable":true,"href":"https:\/\/calimila.com\/en\/wp-json\/wp\/v2\/product_tag?post=5396"}],"curies":[{"name":"wp","href":"https:\/\/api.w.org\/{rel}","templated":true}]}}